{"id":1133,"date":"2024-11-21T17:49:51","date_gmt":"2024-11-21T17:49:51","guid":{"rendered":"https:\/\/puntualepro.com\/kontakt\/"},"modified":"2025-06-13T09:48:04","modified_gmt":"2025-06-13T09:48:04","slug":"kontakt","status":"publish","type":"page","link":"https:\/\/puntualepro.com\/de\/kontakt\/","title":{"rendered":"Kontakt"},"content":{"rendered":"\t\t<div data-elementor-type=\"wp-page\" data-elementor-id=\"1133\" class=\"elementor elementor-1133 elementor-201\" data-elementor-settings=\"{&quot;ha_cmc_init_switcher&quot;:&quot;no&quot;}\" data-elementor-post-type=\"page\">\n\t\t\t\t<div class=\"elementor-element elementor-element-65e74eac animated-slow e-flex e-con-boxed elementor-invisible e-con e-parent\" data-id=\"65e74eac\" data-element_type=\"container\" data-settings=\"{&quot;background_background&quot;:&quot;classic&quot;,&quot;animation&quot;:&quot;slideInDown&quot;,&quot;_ha_eqh_enable&quot;:false}\">\n\t\t\t\t\t<div class=\"e-con-inner\">\n\t\t<div class=\"elementor-element elementor-element-3ed91066 e-con-full e-flex e-con e-child\" data-id=\"3ed91066\" data-element_type=\"container\" data-settings=\"{&quot;_ha_eqh_enable&quot;:false}\">\n\t\t\t\t<div class=\"elementor-element elementor-element-263fb00f elementor-widget elementor-widget-heading\" data-id=\"263fb00f\" data-element_type=\"widget\" data-widget_type=\"heading.default\">\n\t\t\t\t<div class=\"elementor-widget-container\">\n\t\t\t\t\t<h2 class=\"elementor-heading-title elementor-size-default\">Kontakt<\/h2>\t\t\t\t<\/div>\n\t\t\t\t<\/div>\n\t\t\t\t<div class=\"elementor-element elementor-element-4f19a53b elementor-widget elementor-widget-text-editor\" data-id=\"4f19a53b\" data-element_type=\"widget\" data-widget_type=\"text-editor.default\">\n\t\t\t\t<div class=\"elementor-widget-container\">\n\t\t\t\t\t\t\t\t\t<p>F\u00fcr alle Anfragen und Informationen k\u00f6nnen Sie uns gerne kontaktieren.<\/p>\n\t\t\t\t\t\t\t\t<\/div>\n\t\t\t\t<\/div>\n\t\t\t\t<\/div>\n\t\t\t\t\t<\/div>\n\t\t\t\t<\/div>\n\t\t<div class=\"elementor-element elementor-element-eef46f1 e-flex e-con-boxed e-con e-parent\" data-id=\"eef46f1\" data-element_type=\"container\" data-settings=\"{&quot;_ha_eqh_enable&quot;:false}\">\n\t\t\t\t\t<div class=\"e-con-inner\">\n\t\t<div class=\"elementor-element elementor-element-14b23cae e-con-full e-flex e-con e-child\" data-id=\"14b23cae\" data-element_type=\"container\" data-settings=\"{&quot;background_background&quot;:&quot;classic&quot;,&quot;_ha_eqh_enable&quot;:false}\">\n\t\t<div class=\"elementor-element elementor-element-dd40c4d e-flex e-con-boxed e-con e-child\" data-id=\"dd40c4d\" data-element_type=\"container\" data-settings=\"{&quot;_ha_eqh_enable&quot;:false}\">\n\t\t\t\t\t<div class=\"e-con-inner\">\n\t\t\t\t<div class=\"elementor-element elementor-element-ae0c992 elementor-widget elementor-widget-heading\" data-id=\"ae0c992\" data-element_type=\"widget\" data-widget_type=\"heading.default\">\n\t\t\t\t<div class=\"elementor-widget-container\">\n\t\t\t\t\t<h2 class=\"elementor-heading-title elementor-size-default\">Impressum<\/h2>\t\t\t\t<\/div>\n\t\t\t\t<\/div>\n\t\t\t\t<div class=\"elementor-element elementor-element-65adeabf elementor-widget elementor-widget-text-editor\" data-id=\"65adeabf\" data-element_type=\"widget\" data-widget_type=\"text-editor.default\">\n\t\t\t\t<div class=\"elementor-widget-container\">\n\t\t\t\t\t\t\t\t\t<p class=\"font_8 wixui-rich-text__text\"><span class=\"wixui-rich-text__text\"><span class=\"color_11 wixui-rich-text__text\">Puntuale Pro d.o.o. f\u00fcr Handel, Transport und Dienstleistungen<\/span><\/span><\/p>\n<p class=\"font_8 wixui-rich-text__text\"><span class=\"wixui-rich-text__text\"><span class=\"wixGuard wixui-rich-text__text\">\u200b<\/span><\/span><\/p>\n<p class=\"font_8 wixui-rich-text__text\"><a href=\"https:\/\/maps.app.goo.gl\/Vh41hAhXjrxB4PTZ7\" target=\"_blank\" rel=\"noopener\"><span class=\"wixui-rich-text__text\"><span class=\"color_11 wixui-rich-text__text\">Lovin\u010di\u0107eva ul. 1c, 10000 Zagreb, Kroatien <\/span><\/span><\/a><\/p>\n<p class=\"font_8 wixui-rich-text__text\"><span class=\"wixui-rich-text__text\"><span class=\"color_11 wixui-rich-text__text\">St. ID.: HR65850703356<\/span><\/span><\/p>\n<p class=\"font_8 wixui-rich-text__text\"><span class=\"wixui-rich-text__text\"><span class=\"color_11 wixui-rich-text__text\">ID Nr.: 05619157<\/span><\/span><\/p>\n<p class=\"font_8 wixui-rich-text__text\"><span class=\"wixui-rich-text__text\"><span class=\"color_11 wixui-rich-text__text\">IBAN: HR0823600001103010118<\/span><\/span><\/p>\n<p class=\"font_8 wixui-rich-text__text\"><span class=\"wixui-rich-text__text\"><span class=\"color_11 wixui-rich-text__text\">SWIFT: ZABAHR2X<\/span><\/span><\/p>\n<p><a title=\"mailto:info@puntualepro.com\" href=\"mailto:info@puntualepro.com\" data-olk-copy-source=\"MessageBody\">info@puntualepro.com<\/a><\/p>\n<p class=\"font_8 wixui-rich-text__text\"><span class=\"wixui-rich-text__text\"><span class=\"wixGuard wixui-rich-text__text\">\u200b<\/span><\/span><\/p>\n<p class=\"font_8 wixui-rich-text__text\"><span class=\"wixui-rich-text__text\"><span class=\"color_11 wixui-rich-text__text\">Direktor: B.Sc. Ing. Zvonimir Bo\u017ei\u0107 <br \/><a href=\"mailto:zbozic@puntualepro.com\"><span data-olk-copy-source=\"MessageBody\">zbozic@puntualepro.com<\/span><\/a><br \/><\/span><\/span><\/p>\n\t\t\t\t\t\t\t\t<\/div>\n\t\t\t\t<\/div>\n\t\t\t\t\t<\/div>\n\t\t\t\t<\/div>\n\t\t<div class=\"elementor-element elementor-element-57ad5b2d e-flex e-con-boxed e-con e-child\" data-id=\"57ad5b2d\" data-element_type=\"container\" data-settings=\"{&quot;_ha_eqh_enable&quot;:false}\">\n\t\t\t\t\t<div class=\"e-con-inner\">\n\t\t\t\t<div class=\"elementor-element elementor-element-543b7dd elementor-widget elementor-widget-heading\" data-id=\"543b7dd\" data-element_type=\"widget\" data-widget_type=\"heading.default\">\n\t\t\t\t<div class=\"elementor-widget-container\">\n\t\t\t\t\t<h2 class=\"elementor-heading-title elementor-size-default\">Schicken Sie uns eine Nachricht!<\/h2>\t\t\t\t<\/div>\n\t\t\t\t<\/div>\n\t\t\t\t<div class=\"elementor-element elementor-element-5b6734a elementor-button-align-stretch elementor-widget elementor-widget-form\" data-id=\"5b6734a\" data-element_type=\"widget\" data-settings=\"{&quot;button_width&quot;:&quot;40&quot;,&quot;step_next_label&quot;:&quot;N\\u00e4chste&quot;,&quot;step_previous_label&quot;:&quot;Vorherige&quot;,&quot;step_type&quot;:&quot;number_text&quot;,&quot;step_icon_shape&quot;:&quot;circle&quot;}\" data-widget_type=\"form.default\">\n\t\t\t\t<div class=\"elementor-widget-container\">\n\t\t\t\t\t\t\t<form class=\"elementor-form\" method=\"post\" name=\"Neues Formular\">\n\t\t\t<input type=\"hidden\" name=\"post_id\" value=\"1133\"\/>\n\t\t\t<input type=\"hidden\" name=\"form_id\" value=\"5b6734a\"\/>\n\t\t\t<input type=\"hidden\" name=\"referer_title\" value=\"Kontakt - Puntuale Pro\" \/>\n\n\t\t\t\t\t\t\t<input type=\"hidden\" name=\"queried_id\" value=\"1133\"\/>\n\t\t\t\n\t\t\t<div class=\"elementor-form-fields-wrapper elementor-labels-above\">\n\t\t\t\t\t\t\t\t<div class=\"elementor-field-type-text elementor-field-group elementor-column elementor-field-group-name elementor-col-50 elementor-field-required elementor-mark-required\">\n\t\t\t\t\t\t\t\t\t\t\t\t<label for=\"form-field-name\" class=\"elementor-field-label\">\n\t\t\t\t\t\t\t\tName\t\t\t\t\t\t\t<\/label>\n\t\t\t\t\t\t\t\t\t\t\t\t\t\t<input size=\"1\" type=\"text\" name=\"form_fields[name]\" id=\"form-field-name\" class=\"elementor-field elementor-size-sm  elementor-field-textual\" placeholder=\"Uns\" required=\"required\" aria-required=\"true\">\n\t\t\t\t\t\t\t\t\t\t\t<\/div>\n\t\t\t\t\t\t\t\t<div class=\"elementor-field-type-text elementor-field-group elementor-column elementor-field-group-field_e57355a elementor-col-50 elementor-field-required elementor-mark-required\">\n\t\t\t\t\t\t\t\t\t\t\t\t<label for=\"form-field-field_e57355a\" class=\"elementor-field-label\">\n\t\t\t\t\t\t\t\tNachname\t\t\t\t\t\t\t<\/label>\n\t\t\t\t\t\t\t\t\t\t\t\t\t\t<input size=\"1\" type=\"text\" name=\"form_fields[field_e57355a]\" id=\"form-field-field_e57355a\" class=\"elementor-field elementor-size-sm  elementor-field-textual\" required=\"required\" aria-required=\"true\">\n\t\t\t\t\t\t\t\t\t\t\t<\/div>\n\t\t\t\t\t\t\t\t<div class=\"elementor-field-type-text elementor-field-group elementor-column elementor-field-group-email elementor-col-100 elementor-field-required elementor-mark-required\">\n\t\t\t\t\t\t\t\t\t\t\t\t<label for=\"form-field-email\" class=\"elementor-field-label\">\n\t\t\t\t\t\t\t\tName der Firma\t\t\t\t\t\t\t<\/label>\n\t\t\t\t\t\t\t\t\t\t\t\t\t\t<input size=\"1\" type=\"text\" name=\"form_fields[email]\" id=\"form-field-email\" class=\"elementor-field elementor-size-sm  elementor-field-textual\" required=\"required\" aria-required=\"true\">\n\t\t\t\t\t\t\t\t\t\t\t<\/div>\n\t\t\t\t\t\t\t\t<div class=\"elementor-field-type-email elementor-field-group elementor-column elementor-field-group-field_4c2249f elementor-col-100 elementor-field-required elementor-mark-required\">\n\t\t\t\t\t\t\t\t\t\t\t\t<label for=\"form-field-field_4c2249f\" class=\"elementor-field-label\">\n\t\t\t\t\t\t\t\tE-Mail\t\t\t\t\t\t\t<\/label>\n\t\t\t\t\t\t\t\t\t\t\t\t\t\t<input size=\"1\" type=\"email\" name=\"form_fields[field_4c2249f]\" id=\"form-field-field_4c2249f\" class=\"elementor-field elementor-size-sm  elementor-field-textual\" required=\"required\" aria-required=\"true\">\n\t\t\t\t\t\t\t\t\t\t\t<\/div>\n\t\t\t\t\t\t\t\t<div class=\"elementor-field-type-textarea elementor-field-group elementor-column elementor-field-group-message elementor-col-100\">\n\t\t\t\t\t\t\t\t\t\t\t\t<label for=\"form-field-message\" class=\"elementor-field-label\">\n\t\t\t\t\t\t\t\tNachricht\t\t\t\t\t\t\t<\/label>\n\t\t\t\t\t\t<textarea class=\"elementor-field-textual elementor-field  elementor-size-sm\" name=\"form_fields[message]\" id=\"form-field-message\" rows=\"4\"><\/textarea>\t\t\t\t<\/div>\n\t\t\t\t\t\t\t\t<div class=\"elementor-field-group elementor-column elementor-field-type-submit elementor-col-40 e-form__buttons\">\n\t\t\t\t\t<button class=\"elementor-button elementor-size-sm\" type=\"submit\">\n\t\t\t\t\t\t<span class=\"elementor-button-content-wrapper\">\n\t\t\t\t\t\t\t\t\t\t\t\t\t\t\t\t\t\t\t\t\t\t<span class=\"elementor-button-text\">Schicken<\/span>\n\t\t\t\t\t\t\t\t\t\t\t\t\t<\/span>\n\t\t\t\t\t<\/button>\n\t\t\t\t<\/div>\n\t\t\t<\/div>\n\t\t<\/form>\n\t\t\t\t\t\t<\/div>\n\t\t\t\t<\/div>\n\t\t\t\t\t<\/div>\n\t\t\t\t<\/div>\n\t\t\t\t<\/div>\n\t\t\t\t\t<\/div>\n\t\t\t\t<\/div>\n\t\t<div class=\"elementor-element elementor-element-1c9c2e25 e-flex e-con-boxed e-con e-parent\" data-id=\"1c9c2e25\" data-element_type=\"container\" data-settings=\"{&quot;_ha_eqh_enable&quot;:false}\">\n\t\t\t\t\t<div class=\"e-con-inner\">\n\t\t<div class=\"elementor-element elementor-element-6bc34f60 e-con-full e-flex e-con e-child\" data-id=\"6bc34f60\" data-element_type=\"container\" data-settings=\"{&quot;_ha_eqh_enable&quot;:false}\">\n\t\t\t\t<div class=\"elementor-element elementor-element-5ed9e451 elementor-widget elementor-widget-google_maps\" data-id=\"5ed9e451\" data-element_type=\"widget\" data-widget_type=\"google_maps.default\">\n\t\t\t\t<div class=\"elementor-widget-container\">\n\t\t\t\t\t\t\t<div class=\"elementor-custom-embed\">\n\t\t\t<iframe loading=\"lazy\"\n\t\t\t\t\tsrc=\"https:\/\/maps.google.com\/maps?q=Lovin%C4%8Di%C4%87eva%201c%2C%2010000%20Zagreb%2C%20Hrvatska&#038;t=m&#038;z=16&#038;output=embed&#038;iwloc=near\"\n\t\t\t\t\ttitle=\"Lovin\u010di\u0107eva 1c, 10000 Zagreb, Hrvatska\"\n\t\t\t\t\taria-label=\"Lovin\u010di\u0107eva 1c, 10000 Zagreb, Hrvatska\"\n\t\t\t><\/iframe>\n\t\t<\/div>\n\t\t\t\t\t\t<\/div>\n\t\t\t\t<\/div>\n\t\t\t\t<\/div>\n\t\t\t\t\t<\/div>\n\t\t\t\t<\/div>\n\t\t\t\t<\/div>\n\t\t","protected":false},"excerpt":{"rendered":"<p>Kontakt F\u00fcr alle Anfragen und Informationen k\u00f6nnen Sie uns gerne kontaktieren. Impressum Puntuale Pro d.o.o. f\u00fcr Handel, Transport und Dienstleistungen \u200b Lovin\u010di\u0107eva ul. 1c, 10000 Zagreb, Kroatien St. ID.: HR65850703356 ID Nr.: 05619157 IBAN: HR0823600001103010118 SWIFT: ZABAHR2X info@puntualepro.com \u200b Direktor: B.Sc. Ing. Zvonimir Bo\u017ei\u0107 zbozic@puntualepro.com Schicken Sie uns eine Nachricht!<\/p>\n","protected":false},"author":1,"featured_media":0,"parent":0,"menu_order":0,"comment_status":"closed","ping_status":"closed","template":"elementor_header_footer","meta":{"footnotes":""},"class_list":["post-1133","page","type-page","status-publish","hentry"],"yoast_head":"<!-- This site is optimized with the Yoast SEO plugin v24.2 - https:\/\/yoast.com\/wordpress\/plugins\/seo\/ -->\n<title>Kontakt - Puntuale Pro<\/title>\n<meta name=\"robots\" content=\"index, follow, max-snippet:-1, max-image-preview:large, max-video-preview:-1\" \/>\n<link rel=\"canonical\" href=\"https:\/\/puntualepro.com\/de\/kontakt\/\" \/>\n<meta property=\"og:locale\" content=\"de_DE\" \/>\n<meta property=\"og:type\" content=\"article\" \/>\n<meta property=\"og:title\" content=\"Kontakt - Puntuale Pro\" \/>\n<meta property=\"og:description\" content=\"Kontakt F\u00fcr alle Anfragen und Informationen k\u00f6nnen Sie uns gerne kontaktieren. Impressum Puntuale Pro d.o.o. f\u00fcr Handel, Transport und Dienstleistungen \u200b Lovin\u010di\u0107eva ul. 1c, 10000 Zagreb, Kroatien St. ID.: HR65850703356 ID Nr.: 05619157 IBAN: HR0823600001103010118 SWIFT: ZABAHR2X info@puntualepro.com \u200b Direktor: B.Sc. Ing. Zvonimir Bo\u017ei\u0107 zbozic@puntualepro.com Schicken Sie uns eine Nachricht!\" \/>\n<meta property=\"og:url\" content=\"https:\/\/puntualepro.com\/de\/kontakt\/\" \/>\n<meta property=\"og:site_name\" content=\"Puntuale Pro\" \/>\n<meta property=\"article:modified_time\" content=\"2025-06-13T09:48:04+00:00\" \/>\n<meta name=\"twitter:card\" content=\"summary_large_image\" \/>\n<script type=\"application\/ld+json\" class=\"yoast-schema-graph\">{\"@context\":\"https:\/\/schema.org\",\"@graph\":[{\"@type\":\"WebPage\",\"@id\":\"https:\/\/puntualepro.com\/de\/kontakt\/\",\"url\":\"https:\/\/puntualepro.com\/de\/kontakt\/\",\"name\":\"Kontakt - Puntuale Pro\",\"isPartOf\":{\"@id\":\"https:\/\/puntualepro.com\/de\/#website\"},\"datePublished\":\"2024-11-21T17:49:51+00:00\",\"dateModified\":\"2025-06-13T09:48:04+00:00\",\"breadcrumb\":{\"@id\":\"https:\/\/puntualepro.com\/de\/kontakt\/#breadcrumb\"},\"inLanguage\":\"de\",\"potentialAction\":[{\"@type\":\"ReadAction\",\"target\":[\"https:\/\/puntualepro.com\/de\/kontakt\/\"]}]},{\"@type\":\"BreadcrumbList\",\"@id\":\"https:\/\/puntualepro.com\/de\/kontakt\/#breadcrumb\",\"itemListElement\":[{\"@type\":\"ListItem\",\"position\":1,\"name\":\"Po\u010detna stranica\",\"item\":\"https:\/\/puntualepro.com\/de\/\"},{\"@type\":\"ListItem\",\"position\":2,\"name\":\"Kontakt\"}]},{\"@type\":\"WebSite\",\"@id\":\"https:\/\/puntualepro.com\/de\/#website\",\"url\":\"https:\/\/puntualepro.com\/de\/\",\"name\":\"Puntuale Pro\",\"description\":\"Logistikl\u00f6sungen f\u00fcr den internationalen und nationalen Transport\",\"publisher\":{\"@id\":\"https:\/\/puntualepro.com\/de\/#organization\"},\"potentialAction\":[{\"@type\":\"SearchAction\",\"target\":{\"@type\":\"EntryPoint\",\"urlTemplate\":\"https:\/\/puntualepro.com\/de\/?s={search_term_string}\"},\"query-input\":{\"@type\":\"PropertyValueSpecification\",\"valueRequired\":true,\"valueName\":\"search_term_string\"}}],\"inLanguage\":\"de\"},{\"@type\":\"Organization\",\"@id\":\"https:\/\/puntualepro.com\/de\/#organization\",\"name\":\"Puntuale Pro\",\"url\":\"https:\/\/puntualepro.com\/de\/\",\"logo\":{\"@type\":\"ImageObject\",\"inLanguage\":\"de\",\"@id\":\"https:\/\/puntualepro.com\/de\/#\/schema\/logo\/image\/\",\"url\":\"https:\/\/puntualepro.com\/wp-content\/uploads\/2024\/11\/Puntuale-Pro-1.webp\",\"contentUrl\":\"https:\/\/puntualepro.com\/wp-content\/uploads\/2024\/11\/Puntuale-Pro-1.webp\",\"width\":145,\"height\":98,\"caption\":\"Puntuale Pro\"},\"image\":{\"@id\":\"https:\/\/puntualepro.com\/de\/#\/schema\/logo\/image\/\"}}]}<\/script>\n<!-- \/ Yoast SEO plugin. -->","yoast_head_json":{"title":"Kontakt - Puntuale Pro","robots":{"index":"index","follow":"follow","max-snippet":"max-snippet:-1","max-image-preview":"max-image-preview:large","max-video-preview":"max-video-preview:-1"},"canonical":"https:\/\/puntualepro.com\/de\/kontakt\/","og_locale":"de_DE","og_type":"article","og_title":"Kontakt - Puntuale Pro","og_description":"Kontakt F\u00fcr alle Anfragen und Informationen k\u00f6nnen Sie uns gerne kontaktieren. Impressum Puntuale Pro d.o.o. f\u00fcr Handel, Transport und Dienstleistungen \u200b Lovin\u010di\u0107eva ul. 1c, 10000 Zagreb, Kroatien St. ID.: HR65850703356 ID Nr.: 05619157 IBAN: HR0823600001103010118 SWIFT: ZABAHR2X info@puntualepro.com \u200b Direktor: B.Sc. Ing. Zvonimir Bo\u017ei\u0107 zbozic@puntualepro.com Schicken Sie uns eine Nachricht!","og_url":"https:\/\/puntualepro.com\/de\/kontakt\/","og_site_name":"Puntuale Pro","article_modified_time":"2025-06-13T09:48:04+00:00","twitter_card":"summary_large_image","schema":{"@context":"https:\/\/schema.org","@graph":[{"@type":"WebPage","@id":"https:\/\/puntualepro.com\/de\/kontakt\/","url":"https:\/\/puntualepro.com\/de\/kontakt\/","name":"Kontakt - Puntuale Pro","isPartOf":{"@id":"https:\/\/puntualepro.com\/de\/#website"},"datePublished":"2024-11-21T17:49:51+00:00","dateModified":"2025-06-13T09:48:04+00:00","breadcrumb":{"@id":"https:\/\/puntualepro.com\/de\/kontakt\/#breadcrumb"},"inLanguage":"de","potentialAction":[{"@type":"ReadAction","target":["https:\/\/puntualepro.com\/de\/kontakt\/"]}]},{"@type":"BreadcrumbList","@id":"https:\/\/puntualepro.com\/de\/kontakt\/#breadcrumb","itemListElement":[{"@type":"ListItem","position":1,"name":"Po\u010detna stranica","item":"https:\/\/puntualepro.com\/de\/"},{"@type":"ListItem","position":2,"name":"Kontakt"}]},{"@type":"WebSite","@id":"https:\/\/puntualepro.com\/de\/#website","url":"https:\/\/puntualepro.com\/de\/","name":"Puntuale Pro","description":"Logistikl\u00f6sungen f\u00fcr den internationalen und nationalen Transport","publisher":{"@id":"https:\/\/puntualepro.com\/de\/#organization"},"potentialAction":[{"@type":"SearchAction","target":{"@type":"EntryPoint","urlTemplate":"https:\/\/puntualepro.com\/de\/?s={search_term_string}"},"query-input":{"@type":"PropertyValueSpecification","valueRequired":true,"valueName":"search_term_string"}}],"inLanguage":"de"},{"@type":"Organization","@id":"https:\/\/puntualepro.com\/de\/#organization","name":"Puntuale Pro","url":"https:\/\/puntualepro.com\/de\/","logo":{"@type":"ImageObject","inLanguage":"de","@id":"https:\/\/puntualepro.com\/de\/#\/schema\/logo\/image\/","url":"https:\/\/puntualepro.com\/wp-content\/uploads\/2024\/11\/Puntuale-Pro-1.webp","contentUrl":"https:\/\/puntualepro.com\/wp-content\/uploads\/2024\/11\/Puntuale-Pro-1.webp","width":145,"height":98,"caption":"Puntuale Pro"},"image":{"@id":"https:\/\/puntualepro.com\/de\/#\/schema\/logo\/image\/"}}]}},"_links":{"self":[{"href":"https:\/\/puntualepro.com\/de\/wp-json\/wp\/v2\/pages\/1133","targetHints":{"allow":["GET"]}}],"collection":[{"href":"https:\/\/puntualepro.com\/de\/wp-json\/wp\/v2\/pages"}],"about":[{"href":"https:\/\/puntualepro.com\/de\/wp-json\/wp\/v2\/types\/page"}],"author":[{"embeddable":true,"href":"https:\/\/puntualepro.com\/de\/wp-json\/wp\/v2\/users\/1"}],"replies":[{"embeddable":true,"href":"https:\/\/puntualepro.com\/de\/wp-json\/wp\/v2\/comments?post=1133"}],"version-history":[{"count":11,"href":"https:\/\/puntualepro.com\/de\/wp-json\/wp\/v2\/pages\/1133\/revisions"}],"predecessor-version":[{"id":1355,"href":"https:\/\/puntualepro.com\/de\/wp-json\/wp\/v2\/pages\/1133\/revisions\/1355"}],"wp:attachment":[{"href":"https:\/\/puntualepro.com\/de\/wp-json\/wp\/v2\/media?parent=1133"}],"curies":[{"name":"wp","href":"https:\/\/api.w.org\/{rel}","templated":true}]}}